{"id":7638,"date":"2024-10-01T13:54:19","date_gmt":"2024-10-01T11:54:19","guid":{"rendered":"https:\/\/finquesguillem.com\/solicitud-de-presupuesto\/"},"modified":"2024-11-28T08:01:19","modified_gmt":"2024-11-28T07:01:19","slug":"solicitud-de-presupuesto","status":"publish","type":"page","link":"https:\/\/finquesguillem.com\/es\/solicitud-de-presupuesto\/","title":{"rendered":"Solicitud de presupuesto"},"content":{"rendered":"\t\t<div data-elementor-type=\"wp-page\" data-elementor-id=\"7638\" class=\"elementor elementor-7638 elementor-7154\">\n\t\t\t\t\t\t<section class=\"elementor-section elementor-top-section elementor-element elementor-element-257a3c3 elementor-section-boxed elementor-section-height-default elementor-section-height-default\" data-id=\"257a3c3\" data-element_type=\"section\">\n\t\t\t\t\t\t<div class=\"elementor-container elementor-column-gap-no\">\n\t\t\t\t\t<div class=\"elementor-column elementor-col-50 elementor-top-column elementor-element elementor-element-1d6f08b\" data-id=\"1d6f08b\" data-element_type=\"column\">\n\t\t\t<div class=\"elementor-widget-wrap elementor-element-populated\">\n\t\t\t\t\t\t<div class=\"elementor-element elementor-element-2014ac3 animated-fast elementor-invisible elementor-widget elementor-widget-heading\" data-id=\"2014ac3\" data-element_type=\"widget\" data-settings=\"{&quot;_animation&quot;:&quot;opal-move-up&quot;,&quot;_animation_delay&quot;:150}\" data-widget_type=\"heading.default\">\n\t\t\t\t<div class=\"elementor-widget-container\">\n\t\t\t<div class=\"elementor-heading-wrapper\" ><span class=\"sub-title\">D\u00e9janos un mensaje<\/span><div class=\"elementor-heading-wrapper-inner\"><h2 class=\"elementor-heading-title elementor-size-default\">Solicita ya tu presupuesto<\/h2><\/div><\/div>\t\t<\/div>\n\t\t\t\t<\/div>\n\t\t\t\t<div class=\"elementor-element elementor-element-6e42848 elementor-widget elementor-widget-text-editor\" data-id=\"6e42848\" data-element_type=\"widget\" data-widget_type=\"text-editor.default\">\n\t\t\t\t<div class=\"elementor-widget-container\">\n\t\t\t        <div class=\"elementor-text-editor elementor-clearfix\"><h3>Rellena el formulario y nos pondremos en contacto lo antes posible.<\/h3>\n<\/div>\n        \t\t<\/div>\n\t\t\t\t<\/div>\n\t\t\t\t<div class=\"elementor-element elementor-element-cc707fe animated-fast elementor-align-left elementor-wpcf7-button-primary elementor-wpcf7-button-md elementor-invisible elementor-widget elementor-widget-opal-contactform7\" data-id=\"cc707fe\" data-element_type=\"widget\" data-settings=\"{&quot;_animation&quot;:&quot;opal-move-up&quot;,&quot;_animation_delay&quot;:250}\" data-widget_type=\"opal-contactform7.default\">\n\t\t\t\t<div class=\"elementor-widget-container\">\n\t\t\t\n<div class=\"wpcf7 no-js\" id=\"wpcf7-f7480-o1\" lang=\"es-ES\" dir=\"ltr\" data-wpcf7-id=\"7480\">\n<div class=\"screen-reader-response\"><p role=\"status\" aria-live=\"polite\" aria-atomic=\"true\"><\/p> <ul><\/ul><\/div>\n<form action=\"\/es\/wp-json\/wp\/v2\/pages\/7638#wpcf7-f7480-o1\" method=\"post\" class=\"wpcf7-form init\" aria-label=\"Formulario de contacto\" novalidate=\"novalidate\" data-status=\"init\">\n<div style=\"display: none;\">\n<input type=\"hidden\" name=\"_wpcf7\" value=\"7480\" \/>\n<input type=\"hidden\" name=\"_wpcf7_version\" value=\"6.0.1\" \/>\n<input type=\"hidden\" name=\"_wpcf7_locale\" value=\"es_ES\" \/>\n<input type=\"hidden\" name=\"_wpcf7_unit_tag\" value=\"wpcf7-f7480-o1\" \/>\n<input type=\"hidden\" name=\"_wpcf7_container_post\" value=\"0\" \/>\n<input type=\"hidden\" name=\"_wpcf7_posted_data_hash\" value=\"\" \/>\n<input type=\"hidden\" name=\"_wpcf7_recaptcha_response\" value=\"\" \/>\n<\/div>\n<div class=\"row\">\n\t<div class=\"col-xs-12 col-md-4\">\n\t\t<p><label> Nombre comunicante<br \/>\n<span class=\"wpcf7-form-control-wrap\" data-name=\"your-name\"><input size=\"40\" maxlength=\"400\" class=\"wpcf7-form-control wpcf7-text wpcf7-validates-as-required\" aria-required=\"true\" aria-invalid=\"false\" value=\"\" type=\"text\" name=\"your-name\" \/><\/span> <\/label>\n\t\t<\/p>\n\t<\/div>\n\t<div class=\"col-xs-12 col-md-4\">\n\t\t<p><label> El correo electr\u00f3nico<br \/>\n<span class=\"wpcf7-form-control-wrap\" data-name=\"your-email\"><input size=\"40\" maxlength=\"400\" class=\"wpcf7-form-control wpcf7-email wpcf7-validates-as-required wpcf7-text wpcf7-validates-as-email\" aria-required=\"true\" aria-invalid=\"false\" value=\"\" type=\"email\" name=\"your-email\" \/><\/span> <\/label>\n\t\t<\/p>\n\t<\/div>\n\t<div class=\"col-xs-12 col-md-4\">\n\t\t<p><label> Tel\u00e9fono<br \/>\n<span class=\"wpcf7-form-control-wrap\" data-name=\"your-tel\"><input size=\"40\" maxlength=\"400\" class=\"wpcf7-form-control wpcf7-tel wpcf7-validates-as-required wpcf7-text wpcf7-validates-as-tel\" aria-required=\"true\" aria-invalid=\"false\" value=\"\" type=\"tel\" name=\"your-tel\" \/><\/span> <\/label>\n\t\t<\/p>\n\t<\/div>\n\t<div class=\"col-xs-12 col-md-12\">\n\t\t<p><label> Direcci\u00f3n comunidad \/ finca<br \/>\n<span class=\"wpcf7-form-control-wrap\" data-name=\"your-direccion\"><input size=\"40\" maxlength=\"400\" class=\"wpcf7-form-control wpcf7-text\" aria-invalid=\"false\" value=\"\" type=\"text\" name=\"your-direccion\" \/><\/span> <\/label>\n\t\t<\/p>\n\t<\/div>\n\t<div class=\"col-xs-12 col-md-3\">\n\t\t<p><label> Pisos: <span class=\"wpcf7-form-control-wrap\" data-name=\"pisos\"><input size=\"40\" maxlength=\"400\" class=\"wpcf7-form-control wpcf7-text\" aria-invalid=\"false\" value=\"\" type=\"text\" name=\"pisos\" \/><\/span> <\/label>\n\t\t<\/p>\n\t<\/div>\n\t<div class=\"col-xs-12 col-md-3\">\n\t\t<p><label> Locales: <span class=\"wpcf7-form-control-wrap\" data-name=\"locals\"><input size=\"40\" maxlength=\"400\" class=\"wpcf7-form-control wpcf7-text\" aria-invalid=\"false\" value=\"\" type=\"text\" name=\"locals\" \/><\/span> <\/label>\n\t\t<\/p>\n\t<\/div>\n\t<div class=\"col-xs-12 col-md-3\">\n\t\t<p><label> Parkings: <span class=\"wpcf7-form-control-wrap\" data-name=\"parquing\"><input size=\"40\" maxlength=\"400\" class=\"wpcf7-form-control wpcf7-text\" aria-invalid=\"false\" value=\"\" type=\"text\" name=\"parquing\" \/><\/span> <\/label>\n\t\t<\/p>\n\t<\/div>\n\t<div class=\"col-xs-12 col-md-3\">\n\t\t<p><label> Trasteros: <span class=\"wpcf7-form-control-wrap\" data-name=\"trasters\"><input size=\"40\" maxlength=\"400\" class=\"wpcf7-form-control wpcf7-text\" aria-invalid=\"false\" value=\"\" type=\"text\" name=\"trasters\" \/><\/span> <\/label>\n\t\t<\/p>\n\t<\/div>\n\t<div class=\"col-xs-12 col-md-12\">\n\t\t<p><label> Mensaje<br \/>\n<span class=\"wpcf7-form-control-wrap\" data-name=\"your-message\"><textarea cols=\"40\" rows=\"3\" maxlength=\"2000\" class=\"wpcf7-form-control wpcf7-textarea\" aria-invalid=\"false\" name=\"your-message\"><\/textarea><\/span> <\/label>\n\t\t<\/p>\n\t<\/div>\n\t<div class=\"col-xs-12 col-md-12\">\n\t\t<p><span class=\"wpcf7-form-control-wrap\" data-name=\"acceptance-110\"><span class=\"wpcf7-form-control wpcf7-acceptance\"><span class=\"wpcf7-list-item\"><label><input type=\"checkbox\" name=\"acceptance-110\" value=\"1\" aria-invalid=\"false\" \/><span class=\"wpcf7-list-item-label\">Acepto la <a href=\"http:\/\/finquesguillem.com\/politica-de-privacitat\/\" target=\"_blank\">pol\u00edtica de privacidad<\/a><\/span><\/label><\/span><\/span><\/span>\n\t\t<\/p>\n\t\t<p><input class=\"wpcf7-form-control wpcf7-submit has-spinner\" type=\"submit\" value=\"Env\u00eda\" \/>\n\t\t<\/p>\n\t\n\t<\/div>\n<\/div><div class=\"wpcf7-response-output\" aria-hidden=\"true\"><\/div>\n<\/form>\n<\/div>\n\t\t<\/div>\n\t\t\t\t<\/div>\n\t\t\t\t\t<\/div>\n\t\t<\/div>\n\t\t\t\t<div class=\"elementor-column elementor-col-50 elementor-top-column elementor-element elementor-element-241fdf9 animated-fast elementor-invisible\" data-id=\"241fdf9\" data-element_type=\"column\" data-settings=\"{&quot;animation&quot;:&quot;opal-move-up&quot;}\">\n\t\t\t<div class=\"elementor-widget-wrap elementor-element-populated\">\n\t\t\t\t\t\t<div class=\"elementor-element elementor-element-fa9024e elementor-widget elementor-widget-image\" data-id=\"fa9024e\" data-element_type=\"widget\" data-widget_type=\"image.default\">\n\t\t\t\t<div class=\"elementor-widget-container\">\n\t\t\t\t\t\t\t\t\t\t\t\t\t<img fetchpriority=\"high\" decoding=\"async\" width=\"400\" height=\"600\" src=\"https:\/\/finquesguillem.com\/wp-content\/uploads\/2024\/11\/contabildiad.png\" class=\"attachment-full size-full wp-image-7572\" alt=\"\" srcset=\"https:\/\/finquesguillem.com\/wp-content\/uploads\/2024\/11\/contabildiad.png 400w, https:\/\/finquesguillem.com\/wp-content\/uploads\/2024\/11\/contabildiad-200x300.png 200w\" sizes=\"(max-width: 400px) 100vw, 400px\" \/>\t\t\t\t\t\t\t\t\t\t\t\t\t<\/div>\n\t\t\t\t<\/div>\n\t\t\t\t\t<\/div>\n\t\t<\/div>\n\t\t\t\t\t<\/div>\n\t\t<\/section>\n\t\t\t\t<\/div>\n\t\t","protected":false},"excerpt":{"rendered":"<p>D\u00e9janos un mensaje Solicita ya tu presupuesto Rellena el formulario y nos pondremos en contacto lo antes posible. Nom i cognoms comunicant El correu electr\u00f2nic Tel\u00e8fon Adre\u00e7a comunitat \/ finca Pisos: Locals: P\u00e0rquings: Trasters: Missatge Acepto la pol\u00edtica de privacitat<\/p>\n","protected":false},"author":1,"featured_media":0,"parent":0,"menu_order":0,"comment_status":"closed","ping_status":"closed","template":"page-elementor.php","meta":{"footnotes":""},"class_list":["post-7638","page","type-page","status-publish","hentry"],"yoast_head":"<!-- This site is optimized with the Yoast SEO plugin v23.9 - https:\/\/yoast.com\/wordpress\/plugins\/seo\/ -->\n<title>Solicitud de presupuesto - Finques Guillem<\/title>\n<meta name=\"robots\" content=\"index, follow, max-snippet:-1, max-image-preview:large, max-video-preview:-1\" \/>\n<link rel=\"canonical\" href=\"https:\/\/finquesguillem.com\/es\/solicitud-de-presupuesto\/\" \/>\n<meta property=\"og:locale\" content=\"es_ES\" \/>\n<meta property=\"og:type\" content=\"article\" \/>\n<meta property=\"og:title\" content=\"Solicitud de presupuesto - Finques Guillem\" \/>\n<meta property=\"og:description\" content=\"D\u00e9janos un mensaje Solicita ya tu presupuesto Rellena el formulario y nos pondremos en contacto lo antes posible. Nom i cognoms comunicant El correu electr\u00f2nic Tel\u00e8fon Adre\u00e7a comunitat \/ finca Pisos: Locals: P\u00e0rquings: Trasters: Missatge Acepto la pol\u00edtica de privacitat\" \/>\n<meta property=\"og:url\" content=\"https:\/\/finquesguillem.com\/es\/solicitud-de-presupuesto\/\" \/>\n<meta property=\"og:site_name\" content=\"Finques Guillem\" \/>\n<meta property=\"article:publisher\" content=\"https:\/\/www.facebook.com\/FINQUESGUILLEM\/\" \/>\n<meta property=\"article:modified_time\" content=\"2024-11-28T07:01:19+00:00\" \/>\n<meta property=\"og:image\" content=\"https:\/\/finquesguillem.com\/wp-content\/uploads\/2024\/11\/contabildiad.png\" \/>\n\t<meta property=\"og:image:width\" content=\"400\" \/>\n\t<meta property=\"og:image:height\" content=\"600\" \/>\n\t<meta property=\"og:image:type\" content=\"image\/png\" \/>\n<meta name=\"twitter:card\" content=\"summary_large_image\" \/>\n<meta name=\"twitter:label1\" content=\"Tiempo de lectura\" \/>\n\t<meta name=\"twitter:data1\" content=\"1 minuto\" \/>\n<script type=\"application\/ld+json\" class=\"yoast-schema-graph\">{\"@context\":\"https:\/\/schema.org\",\"@graph\":[{\"@type\":\"WebPage\",\"@id\":\"https:\/\/finquesguillem.com\/es\/solicitud-de-presupuesto\/\",\"url\":\"https:\/\/finquesguillem.com\/es\/solicitud-de-presupuesto\/\",\"name\":\"Solicitud de presupuesto - Finques Guillem\",\"isPartOf\":{\"@id\":\"https:\/\/finquesguillem.com\/es\/#website\"},\"primaryImageOfPage\":{\"@id\":\"https:\/\/finquesguillem.com\/es\/solicitud-de-presupuesto\/#primaryimage\"},\"image\":{\"@id\":\"https:\/\/finquesguillem.com\/es\/solicitud-de-presupuesto\/#primaryimage\"},\"thumbnailUrl\":\"https:\/\/finquesguillem.com\/wp-content\/uploads\/2024\/11\/contabildiad.png\",\"datePublished\":\"2024-10-01T11:54:19+00:00\",\"dateModified\":\"2024-11-28T07:01:19+00:00\",\"breadcrumb\":{\"@id\":\"https:\/\/finquesguillem.com\/es\/solicitud-de-presupuesto\/#breadcrumb\"},\"inLanguage\":\"es\",\"potentialAction\":[{\"@type\":\"ReadAction\",\"target\":[\"https:\/\/finquesguillem.com\/es\/solicitud-de-presupuesto\/\"]}]},{\"@type\":\"ImageObject\",\"inLanguage\":\"es\",\"@id\":\"https:\/\/finquesguillem.com\/es\/solicitud-de-presupuesto\/#primaryimage\",\"url\":\"https:\/\/finquesguillem.com\/wp-content\/uploads\/2024\/11\/contabildiad.png\",\"contentUrl\":\"https:\/\/finquesguillem.com\/wp-content\/uploads\/2024\/11\/contabildiad.png\"},{\"@type\":\"BreadcrumbList\",\"@id\":\"https:\/\/finquesguillem.com\/es\/solicitud-de-presupuesto\/#breadcrumb\",\"itemListElement\":[{\"@type\":\"ListItem\",\"position\":1,\"name\":\"Portada\",\"item\":\"https:\/\/finquesguillem.com\/es\/\"},{\"@type\":\"ListItem\",\"position\":2,\"name\":\"Solicitud de presupuesto\"}]},{\"@type\":\"WebSite\",\"@id\":\"https:\/\/finquesguillem.com\/es\/#website\",\"url\":\"https:\/\/finquesguillem.com\/es\/\",\"name\":\"Finques Guillem\",\"description\":\"\",\"publisher\":{\"@id\":\"https:\/\/finquesguillem.com\/es\/#organization\"},\"potentialAction\":[{\"@type\":\"SearchAction\",\"target\":{\"@type\":\"EntryPoint\",\"urlTemplate\":\"https:\/\/finquesguillem.com\/es\/?s={search_term_string}\"},\"query-input\":{\"@type\":\"PropertyValueSpecification\",\"valueRequired\":true,\"valueName\":\"search_term_string\"}}],\"inLanguage\":\"es\"},{\"@type\":\"Organization\",\"@id\":\"https:\/\/finquesguillem.com\/es\/#organization\",\"name\":\"Finques Guillem\",\"url\":\"https:\/\/finquesguillem.com\/es\/\",\"logo\":{\"@type\":\"ImageObject\",\"inLanguage\":\"es\",\"@id\":\"https:\/\/finquesguillem.com\/es\/#\/schema\/logo\/image\/\",\"url\":\"https:\/\/finquesguillem.com\/wp-content\/uploads\/2024\/09\/logo.png\",\"contentUrl\":\"https:\/\/finquesguillem.com\/wp-content\/uploads\/2024\/09\/logo.png\",\"width\":400,\"height\":209,\"caption\":\"Finques Guillem\"},\"image\":{\"@id\":\"https:\/\/finquesguillem.com\/es\/#\/schema\/logo\/image\/\"},\"sameAs\":[\"https:\/\/www.facebook.com\/FINQUESGUILLEM\/\",\"https:\/\/www.instagram.com\/finquesguillem\",\"https:\/\/es.linkedin.com\/company\/finquesguillem\"]}]}<\/script>\n<!-- \/ Yoast SEO plugin. -->","yoast_head_json":{"title":"Solicitud de presupuesto - Finques Guillem","robots":{"index":"index","follow":"follow","max-snippet":"max-snippet:-1","max-image-preview":"max-image-preview:large","max-video-preview":"max-video-preview:-1"},"canonical":"https:\/\/finquesguillem.com\/es\/solicitud-de-presupuesto\/","og_locale":"es_ES","og_type":"article","og_title":"Solicitud de presupuesto - Finques Guillem","og_description":"D\u00e9janos un mensaje Solicita ya tu presupuesto Rellena el formulario y nos pondremos en contacto lo antes posible. Nom i cognoms comunicant El correu electr\u00f2nic Tel\u00e8fon Adre\u00e7a comunitat \/ finca Pisos: Locals: P\u00e0rquings: Trasters: Missatge Acepto la pol\u00edtica de privacitat","og_url":"https:\/\/finquesguillem.com\/es\/solicitud-de-presupuesto\/","og_site_name":"Finques Guillem","article_publisher":"https:\/\/www.facebook.com\/FINQUESGUILLEM\/","article_modified_time":"2024-11-28T07:01:19+00:00","og_image":[{"width":400,"height":600,"url":"https:\/\/finquesguillem.com\/wp-content\/uploads\/2024\/11\/contabildiad.png","type":"image\/png"}],"twitter_card":"summary_large_image","twitter_misc":{"Tiempo de lectura":"1 minuto"},"schema":{"@context":"https:\/\/schema.org","@graph":[{"@type":"WebPage","@id":"https:\/\/finquesguillem.com\/es\/solicitud-de-presupuesto\/","url":"https:\/\/finquesguillem.com\/es\/solicitud-de-presupuesto\/","name":"Solicitud de presupuesto - Finques Guillem","isPartOf":{"@id":"https:\/\/finquesguillem.com\/es\/#website"},"primaryImageOfPage":{"@id":"https:\/\/finquesguillem.com\/es\/solicitud-de-presupuesto\/#primaryimage"},"image":{"@id":"https:\/\/finquesguillem.com\/es\/solicitud-de-presupuesto\/#primaryimage"},"thumbnailUrl":"https:\/\/finquesguillem.com\/wp-content\/uploads\/2024\/11\/contabildiad.png","datePublished":"2024-10-01T11:54:19+00:00","dateModified":"2024-11-28T07:01:19+00:00","breadcrumb":{"@id":"https:\/\/finquesguillem.com\/es\/solicitud-de-presupuesto\/#breadcrumb"},"inLanguage":"es","potentialAction":[{"@type":"ReadAction","target":["https:\/\/finquesguillem.com\/es\/solicitud-de-presupuesto\/"]}]},{"@type":"ImageObject","inLanguage":"es","@id":"https:\/\/finquesguillem.com\/es\/solicitud-de-presupuesto\/#primaryimage","url":"https:\/\/finquesguillem.com\/wp-content\/uploads\/2024\/11\/contabildiad.png","contentUrl":"https:\/\/finquesguillem.com\/wp-content\/uploads\/2024\/11\/contabildiad.png"},{"@type":"BreadcrumbList","@id":"https:\/\/finquesguillem.com\/es\/solicitud-de-presupuesto\/#breadcrumb","itemListElement":[{"@type":"ListItem","position":1,"name":"Portada","item":"https:\/\/finquesguillem.com\/es\/"},{"@type":"ListItem","position":2,"name":"Solicitud de presupuesto"}]},{"@type":"WebSite","@id":"https:\/\/finquesguillem.com\/es\/#website","url":"https:\/\/finquesguillem.com\/es\/","name":"Finques Guillem","description":"","publisher":{"@id":"https:\/\/finquesguillem.com\/es\/#organization"},"potentialAction":[{"@type":"SearchAction","target":{"@type":"EntryPoint","urlTemplate":"https:\/\/finquesguillem.com\/es\/?s={search_term_string}"},"query-input":{"@type":"PropertyValueSpecification","valueRequired":true,"valueName":"search_term_string"}}],"inLanguage":"es"},{"@type":"Organization","@id":"https:\/\/finquesguillem.com\/es\/#organization","name":"Finques Guillem","url":"https:\/\/finquesguillem.com\/es\/","logo":{"@type":"ImageObject","inLanguage":"es","@id":"https:\/\/finquesguillem.com\/es\/#\/schema\/logo\/image\/","url":"https:\/\/finquesguillem.com\/wp-content\/uploads\/2024\/09\/logo.png","contentUrl":"https:\/\/finquesguillem.com\/wp-content\/uploads\/2024\/09\/logo.png","width":400,"height":209,"caption":"Finques Guillem"},"image":{"@id":"https:\/\/finquesguillem.com\/es\/#\/schema\/logo\/image\/"},"sameAs":["https:\/\/www.facebook.com\/FINQUESGUILLEM\/","https:\/\/www.instagram.com\/finquesguillem","https:\/\/es.linkedin.com\/company\/finquesguillem"]}]}},"_links":{"self":[{"href":"https:\/\/finquesguillem.com\/es\/wp-json\/wp\/v2\/pages\/7638","targetHints":{"allow":["GET"]}}],"collection":[{"href":"https:\/\/finquesguillem.com\/es\/wp-json\/wp\/v2\/pages"}],"about":[{"href":"https:\/\/finquesguillem.com\/es\/wp-json\/wp\/v2\/types\/page"}],"author":[{"embeddable":true,"href":"https:\/\/finquesguillem.com\/es\/wp-json\/wp\/v2\/users\/1"}],"replies":[{"embeddable":true,"href":"https:\/\/finquesguillem.com\/es\/wp-json\/wp\/v2\/comments?post=7638"}],"version-history":[{"count":11,"href":"https:\/\/finquesguillem.com\/es\/wp-json\/wp\/v2\/pages\/7638\/revisions"}],"predecessor-version":[{"id":7802,"href":"https:\/\/finquesguillem.com\/es\/wp-json\/wp\/v2\/pages\/7638\/revisions\/7802"}],"wp:attachment":[{"href":"https:\/\/finquesguillem.com\/es\/wp-json\/wp\/v2\/media?parent=7638"}],"curies":[{"name":"wp","href":"https:\/\/api.w.org\/{rel}","templated":true}]}}