{"id":7644,"date":"2024-10-01T11:24:19","date_gmt":"2024-10-01T09:24:19","guid":{"rendered":"https:\/\/finquesguillem.com\/venta\/"},"modified":"2024-11-28T07:58:57","modified_gmt":"2024-11-28T06:58:57","slug":"venta","status":"publish","type":"page","link":"https:\/\/finquesguillem.com\/es\/venta\/","title":{"rendered":"Venta"},"content":{"rendered":"\t\t<div data-elementor-type=\"wp-page\" data-elementor-id=\"7644\" class=\"elementor elementor-7644 elementor-7064\">\n\t\t\t\t\t\t<section class=\"elementor-section elementor-top-section elementor-element elementor-element-9acdefa elementor-section-stretched elementor-section-boxed elementor-section-height-default elementor-section-height-default elementor-invisible\" data-id=\"9acdefa\" data-element_type=\"section\" data-settings=\"{&quot;stretch_section&quot;:&quot;section-stretched&quot;,&quot;animation&quot;:&quot;opal-move-up&quot;}\">\n\t\t\t\t\t\t<div class=\"elementor-container elementor-column-gap-no\">\n\t\t\t\t\t<div class=\"elementor-column elementor-col-100 elementor-top-column elementor-element elementor-element-9e762ad\" data-id=\"9e762ad\" data-element_type=\"column\">\n\t\t\t<div class=\"elementor-widget-wrap elementor-element-populated\">\n\t\t\t\t\t\t<div class=\"elementor-element elementor-element-c8f6ff9 elementor-widget elementor-widget-heading\" data-id=\"c8f6ff9\" data-element_type=\"widget\" data-widget_type=\"heading.default\">\n\t\t\t\t<div class=\"elementor-widget-container\">\n\t\t\t<div class=\"elementor-heading-wrapper\" ><div class=\"elementor-heading-wrapper-inner\"><h2 class=\"elementor-heading-title elementor-size-default\">\u00bfBuscas el mejor inmueble o quieres vender tu piso? \u00a1Nosotros te ayudamos! <\/h2><\/div><\/div>\t\t<\/div>\n\t\t\t\t<\/div>\n\t\t\t\t<div class=\"elementor-element elementor-element-b94001d elementor-widget elementor-widget-text-editor\" data-id=\"b94001d\" data-element_type=\"widget\" data-widget_type=\"text-editor.default\">\n\t\t\t\t<div class=\"elementor-widget-container\">\n\t\t\t        <div class=\"elementor-text-editor elementor-clearfix\"><p>En Finques Guillem somos expertos en encontrar el inmueble ideal para ti, siempre garantizando la mejor relaci\u00f3n calidad-precio. Si quieres vender, te ofrecemos una valoraci\u00f3n gratuita y un servicio completo. Nos encargamos de todo el proceso para que t\u00fa s\u00f3lo tengas que preocuparte de tomar la mejor decisi\u00f3n.  <\/p>\n<\/div>\n        \t\t<\/div>\n\t\t\t\t<\/div>\n\t\t\t\t\t<\/div>\n\t\t<\/div>\n\t\t\t\t\t<\/div>\n\t\t<\/section>\n\t\t\t\t<section class=\"elementor-section elementor-top-section elementor-element elementor-element-2965059 elementor-section-stretched elementor-section-content-middle elementor-section-boxed elementor-section-height-default elementor-section-height-default\" data-id=\"2965059\" data-element_type=\"section\" data-settings=\"{&quot;stretch_section&quot;:&quot;section-stretched&quot;}\">\n\t\t\t\t\t\t<div class=\"elementor-container elementor-column-gap-no\">\n\t\t\t\t\t<div class=\"elementor-column elementor-col-50 elementor-top-column elementor-element elementor-element-3fb9bb3 animated-fast elementor-invisible\" data-id=\"3fb9bb3\" data-element_type=\"column\" data-settings=\"{&quot;animation&quot;:&quot;opal-move-up&quot;,&quot;animation_delay&quot;:150}\">\n\t\t\t<div class=\"elementor-widget-wrap elementor-element-populated\">\n\t\t\t\t\t\t<div class=\"elementor-element elementor-element-54ec5e0 elementor-widget elementor-widget-image\" data-id=\"54ec5e0\" data-element_type=\"widget\" data-widget_type=\"image.default\">\n\t\t\t\t<div class=\"elementor-widget-container\">\n\t\t\t\t\t\t\t\t\t\t\t\t\t<img fetchpriority=\"high\" decoding=\"async\" width=\"770\" height=\"500\" src=\"https:\/\/finquesguillem.com\/wp-content\/uploads\/2024\/10\/compra_04.jpg\" class=\"attachment-full size-full wp-image-7447\" alt=\"\" srcset=\"https:\/\/finquesguillem.com\/wp-content\/uploads\/2024\/10\/compra_04.jpg 770w, https:\/\/finquesguillem.com\/wp-content\/uploads\/2024\/10\/compra_04-300x195.jpg 300w, https:\/\/finquesguillem.com\/wp-content\/uploads\/2024\/10\/compra_04-768x499.jpg 768w, https:\/\/finquesguillem.com\/wp-content\/uploads\/2024\/10\/compra_04-700x455.jpg 700w\" sizes=\"(max-width: 770px) 100vw, 770px\" \/>\t\t\t\t\t\t\t\t\t\t\t\t\t<\/div>\n\t\t\t\t<\/div>\n\t\t\t\t\t<\/div>\n\t\t<\/div>\n\t\t\t\t<div class=\"elementor-column elementor-col-50 elementor-top-column elementor-element elementor-element-af6b5ef animated-fast elementor-invisible\" data-id=\"af6b5ef\" data-element_type=\"column\" data-settings=\"{&quot;animation&quot;:&quot;opal-move-up&quot;,&quot;animation_delay&quot;:300}\">\n\t\t\t<div class=\"elementor-widget-wrap elementor-element-populated\">\n\t\t\t\t\t\t<div class=\"elementor-element elementor-element-36549fa elementor-view-default elementor-position-top icon-box-default elementor-vertical-align-top elementor-widget elementor-widget-icon-box\" data-id=\"36549fa\" data-element_type=\"widget\" data-widget_type=\"icon-box.default\">\n\t\t\t\t<div class=\"elementor-widget-container\">\n\t\t\t        <div class=\"elementor-icon-box-wrapper elementor-button-\">\n                <div class=\"elementor-icon-box-icon\">\n        <span class=\"elementor-icon elementor-animation-\" >\n                    <i class=\"opal-icon- opal-icon-community opal-custom\" aria-hidden=\"true\"><\/i>\n                <\/span>\n        <\/div>\n            <div class=\"elementor-icon-box-content\">\n        <h4 class=\"elementor-icon-box-title\">\n        <span >Amplia cartera de clientes potenciales<\/span>\n        <\/h4>\n\n        <p class=\"elementor-icon-box-description\">Disponemos de una extensa base de datos de clientes interesados en la compra de inmuebles. Esto nos permite agilizar el proceso de venta y encontrar r\u00e1pidamente a los compradores ideales para tu propiedad. <\/p>\n\n        \n        <\/div>\n        <\/div>\n        \t\t<\/div>\n\t\t\t\t<\/div>\n\t\t\t\t\t<\/div>\n\t\t<\/div>\n\t\t\t\t\t<\/div>\n\t\t<\/section>\n\t\t\t\t<section class=\"elementor-section elementor-top-section elementor-element elementor-element-75a1d82 elementor-section-stretched elementor-section-content-middle elementor-reverse-mobile elementor-section-boxed elementor-section-height-default elementor-section-height-default\" data-id=\"75a1d82\" data-element_type=\"section\" data-settings=\"{&quot;stretch_section&quot;:&quot;section-stretched&quot;}\">\n\t\t\t\t\t\t<div class=\"elementor-container elementor-column-gap-no\">\n\t\t\t\t\t<div class=\"elementor-column elementor-col-50 elementor-top-column elementor-element elementor-element-e6d59e0 animated-fast elementor-invisible\" data-id=\"e6d59e0\" data-element_type=\"column\" data-settings=\"{&quot;animation&quot;:&quot;opal-move-up&quot;,&quot;animation_delay&quot;:300}\">\n\t\t\t<div class=\"elementor-widget-wrap elementor-element-populated\">\n\t\t\t\t\t\t<div class=\"elementor-element elementor-element-b25e084 elementor-view-default elementor-position-top icon-box-default elementor-vertical-align-top elementor-widget elementor-widget-icon-box\" data-id=\"b25e084\" data-element_type=\"widget\" data-widget_type=\"icon-box.default\">\n\t\t\t\t<div class=\"elementor-widget-container\">\n\t\t\t        <div class=\"elementor-icon-box-wrapper elementor-button-\">\n                <div class=\"elementor-icon-box-icon\">\n        <span class=\"elementor-icon elementor-animation-\" >\n                    <i class=\"opal-icon- opal-icon-servives opal-custom\" aria-hidden=\"true\"><\/i>\n                <\/span>\n        <\/div>\n            <div class=\"elementor-icon-box-content\">\n        <h4 class=\"elementor-icon-box-title\">\n        <span >Asesoramiento personalizado y seguimiento continuo<\/span>\n        <\/h4>\n\n        <p class=\"elementor-icon-box-description\">Te acompa\u00f1amos durante todo el proceso de venta con asesoramiento profesional. Desde la valoraci\u00f3n de la propiedad hasta el cierre de la operaci\u00f3n, estamos a tu lado para garantizar la mejor experiencia y resultados. <\/p>\n\n        \n        <\/div>\n        <\/div>\n        \t\t<\/div>\n\t\t\t\t<\/div>\n\t\t\t\t\t<\/div>\n\t\t<\/div>\n\t\t\t\t<div class=\"elementor-column elementor-col-50 elementor-top-column elementor-element elementor-element-b5ffa3c animated-fast elementor-invisible\" data-id=\"b5ffa3c\" data-element_type=\"column\" data-settings=\"{&quot;animation&quot;:&quot;opal-move-up&quot;,&quot;animation_delay&quot;:150}\">\n\t\t\t<div class=\"elementor-widget-wrap elementor-element-populated\">\n\t\t\t\t\t\t<div class=\"elementor-element elementor-element-a269db4 elementor-widget elementor-widget-image\" data-id=\"a269db4\" data-element_type=\"widget\" data-widget_type=\"image.default\">\n\t\t\t\t<div class=\"elementor-widget-container\">\n\t\t\t\t\t\t\t\t\t\t\t\t\t<img decoding=\"async\" width=\"770\" height=\"500\" src=\"https:\/\/finquesguillem.com\/wp-content\/uploads\/2024\/10\/compra_02.png\" class=\"attachment-full size-full wp-image-7446\" alt=\"\" srcset=\"https:\/\/finquesguillem.com\/wp-content\/uploads\/2024\/10\/compra_02.png 770w, https:\/\/finquesguillem.com\/wp-content\/uploads\/2024\/10\/compra_02-300x195.png 300w, https:\/\/finquesguillem.com\/wp-content\/uploads\/2024\/10\/compra_02-768x499.png 768w, https:\/\/finquesguillem.com\/wp-content\/uploads\/2024\/10\/compra_02-700x455.png 700w\" sizes=\"(max-width: 770px) 100vw, 770px\" \/>\t\t\t\t\t\t\t\t\t\t\t\t\t<\/div>\n\t\t\t\t<\/div>\n\t\t\t\t\t<\/div>\n\t\t<\/div>\n\t\t\t\t\t<\/div>\n\t\t<\/section>\n\t\t\t\t<section class=\"elementor-section elementor-top-section elementor-element elementor-element-c6635b2 elementor-section-stretched elementor-section-content-middle elementor-section-boxed elementor-section-height-default elementor-section-height-default\" data-id=\"c6635b2\" data-element_type=\"section\" data-settings=\"{&quot;stretch_section&quot;:&quot;section-stretched&quot;}\">\n\t\t\t\t\t\t<div class=\"elementor-container elementor-column-gap-no\">\n\t\t\t\t\t<div class=\"elementor-column elementor-col-50 elementor-top-column elementor-element elementor-element-e787a8e animated-fast elementor-invisible\" data-id=\"e787a8e\" data-element_type=\"column\" data-settings=\"{&quot;animation&quot;:&quot;opal-move-up&quot;,&quot;animation_delay&quot;:150}\">\n\t\t\t<div class=\"elementor-widget-wrap elementor-element-populated\">\n\t\t\t\t\t\t<div class=\"elementor-element elementor-element-18f4407 elementor-widget elementor-widget-image\" data-id=\"18f4407\" data-element_type=\"widget\" data-widget_type=\"image.default\">\n\t\t\t\t<div class=\"elementor-widget-container\">\n\t\t\t\t\t\t\t\t\t\t\t\t\t<img decoding=\"async\" width=\"770\" height=\"500\" src=\"https:\/\/finquesguillem.com\/wp-content\/uploads\/2024\/10\/compra_05.jpg\" class=\"attachment-full size-full wp-image-7448\" alt=\"\" srcset=\"https:\/\/finquesguillem.com\/wp-content\/uploads\/2024\/10\/compra_05.jpg 770w, https:\/\/finquesguillem.com\/wp-content\/uploads\/2024\/10\/compra_05-300x195.jpg 300w, https:\/\/finquesguillem.com\/wp-content\/uploads\/2024\/10\/compra_05-768x499.jpg 768w, https:\/\/finquesguillem.com\/wp-content\/uploads\/2024\/10\/compra_05-700x455.jpg 700w\" sizes=\"(max-width: 770px) 100vw, 770px\" \/>\t\t\t\t\t\t\t\t\t\t\t\t\t<\/div>\n\t\t\t\t<\/div>\n\t\t\t\t\t<\/div>\n\t\t<\/div>\n\t\t\t\t<div class=\"elementor-column elementor-col-50 elementor-top-column elementor-element elementor-element-40107f7 animated-fast elementor-invisible\" data-id=\"40107f7\" data-element_type=\"column\" data-settings=\"{&quot;animation&quot;:&quot;opal-move-up&quot;,&quot;animation_delay&quot;:300}\">\n\t\t\t<div class=\"elementor-widget-wrap elementor-element-populated\">\n\t\t\t\t\t\t<div class=\"elementor-element elementor-element-522a4c1 elementor-view-default elementor-position-top icon-box-default elementor-vertical-align-top elementor-widget elementor-widget-icon-box\" data-id=\"522a4c1\" data-element_type=\"widget\" data-widget_type=\"icon-box.default\">\n\t\t\t\t<div class=\"elementor-widget-container\">\n\t\t\t        <div class=\"elementor-icon-box-wrapper elementor-button-\">\n                <div class=\"elementor-icon-box-icon\">\n        <span class=\"elementor-icon elementor-animation-\" >\n                    <i class=\"opal-icon- opal-icon-product opal-custom\" aria-hidden=\"true\"><\/i>\n                <\/span>\n        <\/div>\n            <div class=\"elementor-icon-box-content\">\n        <h4 class=\"elementor-icon-box-title\">\n        <span >Promoci\u00f3n de tu propiedad<\/span>\n        <\/h4>\n\n        <p class=\"elementor-icon-box-description\">Hacemos una amplia difusi\u00f3n de tu inmueble a trav\u00e9s de m\u00faltiples canales publicitarios. Adem\u00e1s, ofrecemos reportajes fotogr\u00e1ficos gratuitos para mostrar tu propiedad con la mejor imagen y captar la atenci\u00f3n de los compradores. <\/p>\n\n        \n        <\/div>\n        <\/div>\n        \t\t<\/div>\n\t\t\t\t<\/div>\n\t\t\t\t\t<\/div>\n\t\t<\/div>\n\t\t\t\t\t<\/div>\n\t\t<\/section>\n\t\t\t\t<section class=\"elementor-section elementor-top-section elementor-element elementor-element-66cc009 elementor-section-stretched elementor-section-content-middle elementor-reverse-mobile elementor-section-boxed elementor-section-height-default elementor-section-height-default\" data-id=\"66cc009\" data-element_type=\"section\" data-settings=\"{&quot;stretch_section&quot;:&quot;section-stretched&quot;}\">\n\t\t\t\t\t\t<div class=\"elementor-container elementor-column-gap-no\">\n\t\t\t\t\t<div class=\"elementor-column elementor-col-50 elementor-top-column elementor-element elementor-element-0690831 animated-fast elementor-invisible\" data-id=\"0690831\" data-element_type=\"column\" data-settings=\"{&quot;animation&quot;:&quot;opal-move-up&quot;,&quot;animation_delay&quot;:300}\">\n\t\t\t<div class=\"elementor-widget-wrap elementor-element-populated\">\n\t\t\t\t\t\t<div class=\"elementor-element elementor-element-a14c478 elementor-view-default elementor-position-top icon-box-default elementor-vertical-align-top elementor-widget elementor-widget-icon-box\" data-id=\"a14c478\" data-element_type=\"widget\" data-widget_type=\"icon-box.default\">\n\t\t\t\t<div class=\"elementor-widget-container\">\n\t\t\t        <div class=\"elementor-icon-box-wrapper elementor-button-\">\n                <div class=\"elementor-icon-box-icon\">\n        <span class=\"elementor-icon elementor-animation-\" >\n                    <i class=\"opal-icon- opal-icon-community_2 opal-custom\" aria-hidden=\"true\"><\/i>\n                <\/span>\n        <\/div>\n            <div class=\"elementor-icon-box-content\">\n        <h4 class=\"elementor-icon-box-title\">\n        <span >Tr\u00e1mites y documentaci\u00f3n incluida<\/span>\n        <\/h4>\n\n        <p class=\"elementor-icon-box-description\">Nos ocupamos de toda la documentaci\u00f3n necesaria: desde la c\u00e9dula de habitabilidad hasta el certificado de eficiencia energ\u00e9tica. Te aseguramos que tu venta cumpla con todos los requisitos legales, sin complicaci\u00f3n alguna para ti. <\/p>\n\n        \n        <\/div>\n        <\/div>\n        \t\t<\/div>\n\t\t\t\t<\/div>\n\t\t\t\t\t<\/div>\n\t\t<\/div>\n\t\t\t\t<div class=\"elementor-column elementor-col-50 elementor-top-column elementor-element elementor-element-50f1b9e animated-fast elementor-invisible\" data-id=\"50f1b9e\" data-element_type=\"column\" data-settings=\"{&quot;animation&quot;:&quot;opal-move-up&quot;,&quot;animation_delay&quot;:150}\">\n\t\t\t<div class=\"elementor-widget-wrap elementor-element-populated\">\n\t\t\t\t\t\t<div class=\"elementor-element elementor-element-a65182a elementor-widget elementor-widget-image\" data-id=\"a65182a\" data-element_type=\"widget\" data-widget_type=\"image.default\">\n\t\t\t\t<div class=\"elementor-widget-container\">\n\t\t\t\t\t\t\t\t\t\t\t\t\t<img loading=\"lazy\" decoding=\"async\" width=\"770\" height=\"500\" src=\"https:\/\/finquesguillem.com\/wp-content\/uploads\/2024\/10\/compra_03.jpg\" class=\"attachment-full size-full wp-image-7445\" alt=\"\" srcset=\"https:\/\/finquesguillem.com\/wp-content\/uploads\/2024\/10\/compra_03.jpg 770w, https:\/\/finquesguillem.com\/wp-content\/uploads\/2024\/10\/compra_03-300x195.jpg 300w, https:\/\/finquesguillem.com\/wp-content\/uploads\/2024\/10\/compra_03-768x499.jpg 768w, https:\/\/finquesguillem.com\/wp-content\/uploads\/2024\/10\/compra_03-700x455.jpg 700w\" sizes=\"(max-width: 770px) 100vw, 770px\" \/>\t\t\t\t\t\t\t\t\t\t\t\t\t<\/div>\n\t\t\t\t<\/div>\n\t\t\t\t\t<\/div>\n\t\t<\/div>\n\t\t\t\t\t<\/div>\n\t\t<\/section>\n\t\t\t\t<\/div>\n\t\t","protected":false},"excerpt":{"rendered":"<p>\u00bfBuscas el mejor inmueble o quieres vender tu piso? \u00a1Nosotros te ayudamos! En Finques Guillem somos expertos en encontrar el inmueble ideal para ti, siempre garantizando la mejor relaci\u00f3n calidad-precio. Si quieres vender, te ofrecemos una valoraci\u00f3n gratuita y un servicio completo. Nos encargamos de todo el proceso para que t\u00fa s\u00f3lo tengas que preocuparte &hellip; <\/p>\n<p class=\"link-more\"><a href=\"https:\/\/finquesguillem.com\/es\/venta\/\" class=\"more-link\">Read More <span class=\"screen-reader-text\"> \u00abVenta\u00bb<\/span><\/a><\/p>\n","protected":false},"author":1,"featured_media":0,"parent":0,"menu_order":0,"comment_status":"closed","ping_status":"closed","template":"page-elementor.php","meta":{"footnotes":""},"class_list":["post-7644","page","type-page","status-publish","hentry"],"yoast_head":"<!-- This site is optimized with the Yoast SEO plugin v23.9 - https:\/\/yoast.com\/wordpress\/plugins\/seo\/ -->\n<title>Venta - Finques Guillem<\/title>\n<meta name=\"robots\" content=\"index, follow, max-snippet:-1, max-image-preview:large, max-video-preview:-1\" \/>\n<link rel=\"canonical\" href=\"https:\/\/finquesguillem.com\/es\/venta\/\" \/>\n<meta property=\"og:locale\" content=\"es_ES\" \/>\n<meta property=\"og:type\" content=\"article\" \/>\n<meta property=\"og:title\" content=\"Venta - Finques Guillem\" \/>\n<meta property=\"og:description\" content=\"\u00bfBuscas el mejor inmueble o quieres vender tu piso? \u00a1Nosotros te ayudamos! En Finques Guillem somos expertos en encontrar el inmueble ideal para ti, siempre garantizando la mejor relaci\u00f3n calidad-precio. Si quieres vender, te ofrecemos una valoraci\u00f3n gratuita y un servicio completo. Nos encargamos de todo el proceso para que t\u00fa s\u00f3lo tengas que preocuparte &hellip; Read More &quot;Venta&quot;\" \/>\n<meta property=\"og:url\" content=\"https:\/\/finquesguillem.com\/es\/venta\/\" \/>\n<meta property=\"og:site_name\" content=\"Finques Guillem\" \/>\n<meta property=\"article:publisher\" content=\"https:\/\/www.facebook.com\/FINQUESGUILLEM\/\" \/>\n<meta property=\"article:modified_time\" content=\"2024-11-28T06:58:57+00:00\" \/>\n<meta property=\"og:image\" content=\"https:\/\/finquesguillem.com\/wp-content\/uploads\/2024\/10\/compra_04.jpg\" \/>\n\t<meta property=\"og:image:width\" content=\"770\" \/>\n\t<meta property=\"og:image:height\" content=\"500\" \/>\n\t<meta property=\"og:image:type\" content=\"image\/jpeg\" \/>\n<meta name=\"twitter:card\" content=\"summary_large_image\" \/>\n<meta name=\"twitter:label1\" content=\"Tiempo de lectura\" \/>\n\t<meta name=\"twitter:data1\" content=\"2 minutos\" \/>\n<script type=\"application\/ld+json\" class=\"yoast-schema-graph\">{\"@context\":\"https:\/\/schema.org\",\"@graph\":[{\"@type\":\"WebPage\",\"@id\":\"https:\/\/finquesguillem.com\/es\/venta\/\",\"url\":\"https:\/\/finquesguillem.com\/es\/venta\/\",\"name\":\"Venta - Finques Guillem\",\"isPartOf\":{\"@id\":\"https:\/\/finquesguillem.com\/es\/#website\"},\"primaryImageOfPage\":{\"@id\":\"https:\/\/finquesguillem.com\/es\/venta\/#primaryimage\"},\"image\":{\"@id\":\"https:\/\/finquesguillem.com\/es\/venta\/#primaryimage\"},\"thumbnailUrl\":\"https:\/\/finquesguillem.com\/wp-content\/uploads\/2024\/10\/compra_04.jpg\",\"datePublished\":\"2024-10-01T09:24:19+00:00\",\"dateModified\":\"2024-11-28T06:58:57+00:00\",\"breadcrumb\":{\"@id\":\"https:\/\/finquesguillem.com\/es\/venta\/#breadcrumb\"},\"inLanguage\":\"es\",\"potentialAction\":[{\"@type\":\"ReadAction\",\"target\":[\"https:\/\/finquesguillem.com\/es\/venta\/\"]}]},{\"@type\":\"ImageObject\",\"inLanguage\":\"es\",\"@id\":\"https:\/\/finquesguillem.com\/es\/venta\/#primaryimage\",\"url\":\"https:\/\/finquesguillem.com\/wp-content\/uploads\/2024\/10\/compra_04.jpg\",\"contentUrl\":\"https:\/\/finquesguillem.com\/wp-content\/uploads\/2024\/10\/compra_04.jpg\"},{\"@type\":\"BreadcrumbList\",\"@id\":\"https:\/\/finquesguillem.com\/es\/venta\/#breadcrumb\",\"itemListElement\":[{\"@type\":\"ListItem\",\"position\":1,\"name\":\"Portada\",\"item\":\"https:\/\/finquesguillem.com\/es\/\"},{\"@type\":\"ListItem\",\"position\":2,\"name\":\"Venta\"}]},{\"@type\":\"WebSite\",\"@id\":\"https:\/\/finquesguillem.com\/es\/#website\",\"url\":\"https:\/\/finquesguillem.com\/es\/\",\"name\":\"Finques Guillem\",\"description\":\"\",\"publisher\":{\"@id\":\"https:\/\/finquesguillem.com\/es\/#organization\"},\"potentialAction\":[{\"@type\":\"SearchAction\",\"target\":{\"@type\":\"EntryPoint\",\"urlTemplate\":\"https:\/\/finquesguillem.com\/es\/?s={search_term_string}\"},\"query-input\":{\"@type\":\"PropertyValueSpecification\",\"valueRequired\":true,\"valueName\":\"search_term_string\"}}],\"inLanguage\":\"es\"},{\"@type\":\"Organization\",\"@id\":\"https:\/\/finquesguillem.com\/es\/#organization\",\"name\":\"Finques Guillem\",\"url\":\"https:\/\/finquesguillem.com\/es\/\",\"logo\":{\"@type\":\"ImageObject\",\"inLanguage\":\"es\",\"@id\":\"https:\/\/finquesguillem.com\/es\/#\/schema\/logo\/image\/\",\"url\":\"https:\/\/finquesguillem.com\/wp-content\/uploads\/2024\/09\/logo.png\",\"contentUrl\":\"https:\/\/finquesguillem.com\/wp-content\/uploads\/2024\/09\/logo.png\",\"width\":400,\"height\":209,\"caption\":\"Finques Guillem\"},\"image\":{\"@id\":\"https:\/\/finquesguillem.com\/es\/#\/schema\/logo\/image\/\"},\"sameAs\":[\"https:\/\/www.facebook.com\/FINQUESGUILLEM\/\",\"https:\/\/www.instagram.com\/finquesguillem\",\"https:\/\/es.linkedin.com\/company\/finquesguillem\"]}]}<\/script>\n<!-- \/ Yoast SEO plugin. -->","yoast_head_json":{"title":"Venta - Finques Guillem","robots":{"index":"index","follow":"follow","max-snippet":"max-snippet:-1","max-image-preview":"max-image-preview:large","max-video-preview":"max-video-preview:-1"},"canonical":"https:\/\/finquesguillem.com\/es\/venta\/","og_locale":"es_ES","og_type":"article","og_title":"Venta - Finques Guillem","og_description":"\u00bfBuscas el mejor inmueble o quieres vender tu piso? \u00a1Nosotros te ayudamos! En Finques Guillem somos expertos en encontrar el inmueble ideal para ti, siempre garantizando la mejor relaci\u00f3n calidad-precio. Si quieres vender, te ofrecemos una valoraci\u00f3n gratuita y un servicio completo. Nos encargamos de todo el proceso para que t\u00fa s\u00f3lo tengas que preocuparte &hellip; Read More \"Venta\"","og_url":"https:\/\/finquesguillem.com\/es\/venta\/","og_site_name":"Finques Guillem","article_publisher":"https:\/\/www.facebook.com\/FINQUESGUILLEM\/","article_modified_time":"2024-11-28T06:58:57+00:00","og_image":[{"width":770,"height":500,"url":"https:\/\/finquesguillem.com\/wp-content\/uploads\/2024\/10\/compra_04.jpg","type":"image\/jpeg"}],"twitter_card":"summary_large_image","twitter_misc":{"Tiempo de lectura":"2 minutos"},"schema":{"@context":"https:\/\/schema.org","@graph":[{"@type":"WebPage","@id":"https:\/\/finquesguillem.com\/es\/venta\/","url":"https:\/\/finquesguillem.com\/es\/venta\/","name":"Venta - Finques Guillem","isPartOf":{"@id":"https:\/\/finquesguillem.com\/es\/#website"},"primaryImageOfPage":{"@id":"https:\/\/finquesguillem.com\/es\/venta\/#primaryimage"},"image":{"@id":"https:\/\/finquesguillem.com\/es\/venta\/#primaryimage"},"thumbnailUrl":"https:\/\/finquesguillem.com\/wp-content\/uploads\/2024\/10\/compra_04.jpg","datePublished":"2024-10-01T09:24:19+00:00","dateModified":"2024-11-28T06:58:57+00:00","breadcrumb":{"@id":"https:\/\/finquesguillem.com\/es\/venta\/#breadcrumb"},"inLanguage":"es","potentialAction":[{"@type":"ReadAction","target":["https:\/\/finquesguillem.com\/es\/venta\/"]}]},{"@type":"ImageObject","inLanguage":"es","@id":"https:\/\/finquesguillem.com\/es\/venta\/#primaryimage","url":"https:\/\/finquesguillem.com\/wp-content\/uploads\/2024\/10\/compra_04.jpg","contentUrl":"https:\/\/finquesguillem.com\/wp-content\/uploads\/2024\/10\/compra_04.jpg"},{"@type":"BreadcrumbList","@id":"https:\/\/finquesguillem.com\/es\/venta\/#breadcrumb","itemListElement":[{"@type":"ListItem","position":1,"name":"Portada","item":"https:\/\/finquesguillem.com\/es\/"},{"@type":"ListItem","position":2,"name":"Venta"}]},{"@type":"WebSite","@id":"https:\/\/finquesguillem.com\/es\/#website","url":"https:\/\/finquesguillem.com\/es\/","name":"Finques Guillem","description":"","publisher":{"@id":"https:\/\/finquesguillem.com\/es\/#organization"},"potentialAction":[{"@type":"SearchAction","target":{"@type":"EntryPoint","urlTemplate":"https:\/\/finquesguillem.com\/es\/?s={search_term_string}"},"query-input":{"@type":"PropertyValueSpecification","valueRequired":true,"valueName":"search_term_string"}}],"inLanguage":"es"},{"@type":"Organization","@id":"https:\/\/finquesguillem.com\/es\/#organization","name":"Finques Guillem","url":"https:\/\/finquesguillem.com\/es\/","logo":{"@type":"ImageObject","inLanguage":"es","@id":"https:\/\/finquesguillem.com\/es\/#\/schema\/logo\/image\/","url":"https:\/\/finquesguillem.com\/wp-content\/uploads\/2024\/09\/logo.png","contentUrl":"https:\/\/finquesguillem.com\/wp-content\/uploads\/2024\/09\/logo.png","width":400,"height":209,"caption":"Finques Guillem"},"image":{"@id":"https:\/\/finquesguillem.com\/es\/#\/schema\/logo\/image\/"},"sameAs":["https:\/\/www.facebook.com\/FINQUESGUILLEM\/","https:\/\/www.instagram.com\/finquesguillem","https:\/\/es.linkedin.com\/company\/finquesguillem"]}]}},"_links":{"self":[{"href":"https:\/\/finquesguillem.com\/es\/wp-json\/wp\/v2\/pages\/7644","targetHints":{"allow":["GET"]}}],"collection":[{"href":"https:\/\/finquesguillem.com\/es\/wp-json\/wp\/v2\/pages"}],"about":[{"href":"https:\/\/finquesguillem.com\/es\/wp-json\/wp\/v2\/types\/page"}],"author":[{"embeddable":true,"href":"https:\/\/finquesguillem.com\/es\/wp-json\/wp\/v2\/users\/1"}],"replies":[{"embeddable":true,"href":"https:\/\/finquesguillem.com\/es\/wp-json\/wp\/v2\/comments?post=7644"}],"version-history":[{"count":5,"href":"https:\/\/finquesguillem.com\/es\/wp-json\/wp\/v2\/pages\/7644\/revisions"}],"predecessor-version":[{"id":7793,"href":"https:\/\/finquesguillem.com\/es\/wp-json\/wp\/v2\/pages\/7644\/revisions\/7793"}],"wp:attachment":[{"href":"https:\/\/finquesguillem.com\/es\/wp-json\/wp\/v2\/media?parent=7644"}],"curies":[{"name":"wp","href":"https:\/\/api.w.org\/{rel}","templated":true}]}}